{"id":2,"date":"2019-05-08T01:33:20","date_gmt":"2019-05-07T22:33:20","guid":{"rendered":"https:\/\/arasduvar.com\/?page_id=2"},"modified":"2022-11-17T10:03:49","modified_gmt":"2022-11-17T07:03:49","slug":"sample-page","status":"publish","type":"page","link":"https:\/\/arasduvar.com\/en\/","title":{"rendered":"Home Page"},"content":{"rendered":"<p>[vc_row content_placement=&#8221;middle&#8221; wrap_container=&#8221;yes&#8221; css=&#8221;.vc_custom_1563845612298{padding-top: 140px !important;padding-bottom: 140px !important;}&#8221; el_id=&#8221;whoweare&#8221;][vc_column el_class=&#8221;mb-5 mb-lg-0&#8243; offset=&#8221;vc_col-md-6&#8243;][vc_custom_heading text=&#8221;ABOUT US&#8221; font_container=&#8221;tag:h2|font_size:42|text_align:left|line_height:1.3&#8243; use_theme_fonts=&#8221;yes&#8221; font_weight=&#8221;900&#8243; animation_delay=&#8221;250&#8243; el_class=&#8221;mb-3 ls-negative-1&#8243; animation_type=&#8221;fadeInUp&#8221;][vc_custom_heading text=&#8221;WHO ARE WE<\/p>\n<p>We are a group of friends who started to work in this sector in the 2000s and gathered under our company, which was established in 2015. Our team are professionals who love with their work, and always strive to do the best.<br \/>\nOur aim is to present the specially and custom designed wallpapers, where we are working with designer from all over the world to beautify our living spaces, using the best materials. Using the best and the healthiest materials and printing machines so as the designs are our global visual trends which exites our passion to work.<br \/>\nNow we invite you to to have your dream wallpaper.<\/p>\n<p>Regards,&#8221; font_container=&#8221;tag:p|font_size:16.8|text_align:left|line_height:1.9&#8243; use_theme_fonts=&#8221;yes&#8221; animation_delay=&#8221;500&#8243; css=&#8221;.vc_custom_1637576891665{margin-bottom: 40px !important;}&#8221; animation_type=&#8221;fadeInUp&#8221; el_class=&#8221;pr-5&#8243;][\/vc_column][vc_column offset=&#8221;vc_col-md-6&#8243;][vc_row_inner][vc_column_inner el_class=&#8221;order-1&#8243; width=&#8221;1\/2&#8243; offset=&#8221;vc_col-lg-4 vc_col-xs-6&#8243;][vc_single_image image=&#8221;3671&#8243; img_size=&#8221;full&#8221; animation_delay=&#8221;3000&#8243; el_class=&#8221;mb-0&#8243; animation_type=&#8221;fadeInRight&#8221;][\/vc_column_inner][vc_column_inner el_class=&#8221;order-3 order-xl-2 full-content&#8221; offset=&#8221;vc_col-lg-4&#8243;]<div class=\"porto-ultimate-content-box-container px-4 py-4 py-xl-0 h-100 position-relative d-flex align-items-center mt-4 mt-xl-0\"><style>#porto_ucb_6952{will-change: box-shadow;box-shadow: none;}<\/style><div class=\"porto-ultimate-content-box\" style=\"\" id=\"porto_ucb_6952\">[vc_raw_html el_class=&#8221;mb-0 pc-position-static&#8221;]JTNDc3ZnJTIwY2xhc3MlM0QlMjJjdXN0b20tc3F1YXJlLTElMjBjdXN0b20tc3F1YXJlLXRvcC1yaWdodCUyMHotaW5kZXgtMCUyMiUyMHdpZHRoJTNEJTIyODAlMjIlMjBoZWlnaHQlM0QlMjI4MCUyMiUzRSUwQSUwOSUzQ3JlY3QlMjBjbGFzcyUzRCUyMmFwcGVhci1hbmltYXRpb24lMjIlMjBkYXRhLWFwcGVhci1hbmltYXRpb24lM0QlMjJsaW5lUHJvZ3Jlc3MlMjIlMjBkYXRhLWFwcGVhci1hbmltYXRpb24tZHVyYXRpb24lM0QlMjIzMDAwJTIyJTIwd2lkdGglM0QlMjI4MCUyMiUyMGhlaWdodCUzRCUyMjgwJTIyJTIwZmlsbCUzRCUyMm5vbmUlMjIlMjBzdHJva2Utd2lkdGglM0QlMjIxMyUyMiUyMHN0cm9rZSUzRCUyMiUyMzAwMCUyMiUyMCUyRiUzRSUwQSUzQyUyRnN2ZyUzRSUwQSUzQ3N2ZyUyMGNsYXNzJTNEJTIyY3VzdG9tLXNxdWFyZS0xJTIwY3VzdG9tLXNxdWFyZS0xLW5vLXBvcyUyMHotaW5kZXgtMCUyMiUyMHdpZHRoJTNEJTIyMTAwJTI1JTIyJTIwaGVpZ2h0JTNEJTIyMTAwJTI1JTIyJTNFJTBBJTA5JTNDcmVjdCUyMGNsYXNzJTNEJTIyYXBwZWFyLWFuaW1hdGlvbiUyMiUyMGRhdGEtYXBwZWFyLWFuaW1hdGlvbiUzRCUyMmxpbmVQcm9ncmVzc0FuZEZpbGwlMjIlMjBkYXRhLWFwcGVhci1hbmltYXRpb24tZHVyYXRpb24lM0QlMjIzMDAwJTIyJTIwd2lkdGglM0QlMjIxMDAlMjUlMjIlMjBoZWlnaHQlM0QlMjIxMDAlMjUlMjIlMjBmaWxsJTNEJTIybm9uZSUyMiUyMHN0cm9rZS13aWR0aCUzRCUyMjEzJTIyJTIwc3Ryb2tlJTNEJTIyJTIzMDAwJTIyJTIwJTJGJTNFJTBBJTNDJTJGc3ZnJTNF[\/vc_raw_html][vc_custom_heading text=&#8221;We have the best and high quality dealer network throughout Turkey. If you want to become a partner with us, be sure to contact us.Don&#8217;t you want to be a partner of the best Wallpaper company in Turkey?&#8221; font_container=&#8221;tag:p|font_size:16.8|text_align:center|color:%23ffffff|line_height:1.9&#8243; use_theme_fonts=&#8221;yes&#8221; el_class=&#8221;mb-0 position-relative z-index-1 font-size-responsive&#8221;]<\/div><\/div>[\/vc_column_inner][vc_column_inner el_class=&#8221;order-2 order-xl-3&#8243; width=&#8221;1\/2&#8243; offset=&#8221;vc_col-lg-4 vc_col-xs-6&#8243;][vc_single_image image=&#8221;3670&#8243; img_size=&#8221;full&#8221; animation_delay=&#8221;3000&#8243; el_class=&#8221;mb-0&#8243; animation_type=&#8221;fadeInLeft&#8221;][\/vc_column_inner][\/vc_row_inner][\/vc_column][\/vc_row][vc_row wrap_container=&#8221;yes&#8221; is_section=&#8221;yes&#8221; remove_margin_top=&#8221;yes&#8221; remove_border=&#8221;yes&#8221; el_class=&#8221;background-color-quaternary&#8221;][vc_column offset=&#8221;vc_col-lg-12 vc_col-md-4&#8243;][vc_row_inner equal_height=&#8221;yes&#8221;][vc_column_inner el_class=&#8221;order-3&#8243; offset=&#8221;vc_col-lg-6&#8243;][vc_custom_heading text=&#8221;YOU CAN SEND US A MESSAGE FOR YOUR QUESTIONS, COMMENTS AND SUGGESTIONS.&#8221; font_container=&#8221;tag:h4|text_align:left|color:%23ffffff&#8221; use_theme_fonts=&#8221;yes&#8221;]\n<div class=\"wpcf7 no-js\" id=\"wpcf7-f262-o1\" lang=\"en-US\" dir=\"ltr\" data-wpcf7-id=\"262\">\n<div class=\"screen-reader-response\"><p role=\"status\" aria-live=\"polite\" aria-atomic=\"true\"><\/p> <ul><\/ul><\/div>\n<form action=\"\/en\/wp-json\/wp\/v2\/pages\/2#wpcf7-f262-o1\" method=\"post\" class=\"wpcf7-form init\" aria-label=\"Contact form\" novalidate=\"novalidate\" data-status=\"init\">\n<fieldset class=\"hidden-fields-container\"><input type=\"hidden\" name=\"_wpcf7\" value=\"262\" \/><input type=\"hidden\" name=\"_wpcf7_version\" value=\"6.1\" \/><input type=\"hidden\" name=\"_wpcf7_locale\" value=\"en_US\" \/><input type=\"hidden\" name=\"_wpcf7_unit_tag\" value=\"wpcf7-f262-o1\" \/><input type=\"hidden\" name=\"_wpcf7_container_post\" value=\"0\" \/><input type=\"hidden\" name=\"_wpcf7_posted_data_hash\" value=\"\" \/>\n<\/fieldset>\n<div class=\"form-row\">\n\t<div class=\"form-group col-lg-6\">\n\t\t<p><span class=\"wpcf7-form-control-wrap\" data-name=\"your-name\"><input size=\"40\" maxlength=\"400\" class=\"wpcf7-form-control wpcf7-text wpcf7-validates-as-required form-control py-2\" aria-required=\"true\" aria-invalid=\"false\" placeholder=\"Name\" value=\"\" type=\"text\" name=\"your-name\" \/><\/span>\n\t\t<\/p>\n\t<\/div>\n\t<div class=\"form-group col-lg-6\">\n\t\t<p><span class=\"wpcf7-form-control-wrap\" data-name=\"your-email\"><input size=\"40\" maxlength=\"400\" class=\"wpcf7-form-control wpcf7-email wpcf7-validates-as-required wpcf7-text wpcf7-validates-as-email form-control py-2\" aria-required=\"true\" aria-invalid=\"false\" placeholder=\"E-mail\" value=\"\" type=\"email\" name=\"your-email\" \/><\/span>\n\t\t<\/p>\n\t<\/div>\n<\/div>\n<div class=\"form-row\">\n\t<div class=\"form-group col\">\n\t\t<p><span class=\"wpcf7-form-control-wrap\" data-name=\"your-message\"><textarea cols=\"40\" rows=\"5\" maxlength=\"2000\" class=\"wpcf7-form-control wpcf7-textarea form-control\" aria-invalid=\"false\" placeholder=\"Message\" name=\"your-message\"><\/textarea><\/span>\n\t\t<\/p>\n\t<\/div>\n<\/div>\n<p><input class=\"wpcf7-form-control wpcf7-submit has-spinner btn btn-dark font-size-sm btn-padding-1 position-absolute font-weight-bold\" type=\"submit\" value=\"Submit\" \/>\n<\/p><div class=\"wpcf7-response-output\" aria-hidden=\"true\"><\/div>\n<\/form>\n<\/div>\n[\/vc_column_inner][vc_column_inner el_class=&#8221;order-2 order-xl-1 mb-4 mb-lg-0&#8243; offset=&#8221;vc_col-lg-6&#8243;][vc_column_text]<img loading=\"lazy\" decoding=\"async\" class=\"alignnone size-medium wp-image-3625\" src=\"https:\/\/arasduvar.com\/wp-content\/uploads\/2021\/09\/aras-logo3_C\u0327alis\u0327ma-Yu\u0308zeyi-1-2-300x120.png\" alt=\"\" width=\"170\" height=\"60\" \/>[\/vc_column_text][vc_custom_heading text=&#8221;Address: YUKARI DUDULLU MAH. NEC\u0130P FAZIL BULV. NO:44 KEYAP S\u0130T. J2 BLOK NO:153, 34775 \u00dcmraniye\/\u0130stanbul&#8221; font_container=&#8221;tag:h6|text_align:left|color:%23ffffff&#8221; use_theme_fonts=&#8221;yes&#8221;][vc_custom_heading text=&#8221;Email: info@arasduvar.com&#8221; font_container=&#8221;tag:h6|text_align:left|color:%23ffffff&#8221; use_theme_fonts=&#8221;yes&#8221;][vc_custom_heading text=&#8221;Phone: 0216- 420 82 50&#8243; font_container=&#8221;tag:h6|text_align:left|color:%23ffffff&#8221; use_theme_fonts=&#8221;yes&#8221;][\/vc_column_inner][\/vc_row_inner][vc_empty_space][vc_custom_heading text=&#8221;Google Maps&#8221; font_container=&#8221;tag:h4|text_align:left|color:%23ffffff&#8221; use_theme_fonts=&#8221;yes&#8221;][vc_gmaps link=&#8221;#E-8_JTNDaWZyYW1lJTIwc3JjJTNEJTIyaHR0cHMlM0ElMkYlMkZ3d3cuZ29vZ2xlLmNvbSUyRm1hcHMlMkZlbWJlZCUzRnBiJTNEJTIxMW0xOCUyMTFtMTIlMjExbTMlMjExZDMwMTAuOTQyNDgxMjM1NzYyNCUyMTJkMjkuMTUyODUxMDUwNzQyOTIlMjEzZDQxLjAwNDYzMjEyNzQ5Njk1JTIxMm0zJTIxMWYwJTIxMmYwJTIxM2YwJTIxM20yJTIxMWkxMDI0JTIxMmk3NjglMjE0ZjEzLjElMjEzbTMlMjExbTIlMjExczB4MTRjYWM2ZmM4YTkwMzc1ZCUyNTNBMHgyYmMzY2VmYWU2ZjA2NzQxJTIxMnNBcmFzJTI1MjBEdXZhciUyNTIwS2ElMjVDNCUyNTlGJTI1QzQlMjVCMXRsYXIlMjVDNCUyNUIxJTI1MjBTYW4uJTI1MjBWZSUyNTIwVGljLiUyNTIwTHRkLiUyNUM1JTI1OUV0aS4lMjE1ZTAlMjEzbTIlMjExc3RyJTIxMnN0ciUyMTR2MTYzNDIxMjk3MjA3NyUyMTVtMiUyMTFzdHIlMjEyc3RyJTIyJTIwd2lkdGglM0QlMjI2MDAlMjIlMjBoZWlnaHQlM0QlMjI0NTAlMjIlMjBzdHlsZSUzRCUyMmJvcmRlciUzQTAlM0IlMjIlMjBhbGxvd2Z1bGxzY3JlZW4lM0QlMjIlMjIlMjBsb2FkaW5nJTNEJTIybGF6eSUyMiUzRSUzQyUyRmlmcmFtZSUzRQ==&#8221;][\/vc_column][\/vc_row]<\/p>\n","protected":false},"excerpt":{"rendered":"<p>[vc_row content_placement=&#8221;middle&#8221; wrap_container=&#8221;yes&#8221; css=&#8221;.vc_custom_1563845612298{padding-top: 140px !important;padding-bottom: 140px !important;}&#8221; el_id=&#8221;whoweare&#8221;][vc_column el_class=&#8221;mb-5 mb-lg-0&#8243; offset=&#8221;vc_col-md-6&#8243;][vc_custom_heading text=&#8221;ABOUT US&#8221; font_container=&#8221;tag:h2|font_size:42|text_align:left|line_height:1.3&#8243; use_theme_fonts=&#8221;yes&#8221; font_weight=&#8221;900&#8243; animation_delay=&#8221;250&#8243; el_class=&#8221;mb-3 ls-negative-1&#8243; animation_type=&#8221;fadeInUp&#8221;][vc_custom_heading text=&#8221;WHO ARE WE We are a group of friends who started to work in this sector in the 2000s and gathered under our company, which was established in 2015. Our team are professionals who [&hellip;]<\/p>\n","protected":false},"author":1,"featured_media":0,"parent":0,"menu_order":0,"comment_status":"closed","ping_status":"closed","template":"","meta":{"_monsterinsights_skip_tracking":false,"_monsterinsights_sitenote_active":false,"_monsterinsights_sitenote_note":"","_monsterinsights_sitenote_category":0,"footnotes":""},"class_list":["post-2","page","type-page","status-publish","hentry"],"aioseo_notices":[],"_links":{"self":[{"href":"https:\/\/arasduvar.com\/en\/wp-json\/wp\/v2\/pages\/2","targetHints":{"allow":["GET"]}}],"collection":[{"href":"https:\/\/arasduvar.com\/en\/wp-json\/wp\/v2\/pages"}],"about":[{"href":"https:\/\/arasduvar.com\/en\/wp-json\/wp\/v2\/types\/page"}],"author":[{"embeddable":true,"href":"https:\/\/arasduvar.com\/en\/wp-json\/wp\/v2\/users\/1"}],"replies":[{"embeddable":true,"href":"https:\/\/arasduvar.com\/en\/wp-json\/wp\/v2\/comments?post=2"}],"version-history":[{"count":145,"href":"https:\/\/arasduvar.com\/en\/wp-json\/wp\/v2\/pages\/2\/revisions"}],"predecessor-version":[{"id":7888,"href":"https:\/\/arasduvar.com\/en\/wp-json\/wp\/v2\/pages\/2\/revisions\/7888"}],"wp:attachment":[{"href":"https:\/\/arasduvar.com\/en\/wp-json\/wp\/v2\/media?parent=2"}],"curies":[{"name":"wp","href":"https:\/\/api.w.org\/{rel}","templated":true}]}}